{"id":20349,"date":"2023-10-10T22:42:01","date_gmt":"2023-10-10T15:42:01","guid":{"rendered":"https:\/\/phuongnamstar.vn\/?page_id=20349"},"modified":"2023-10-10T23:23:26","modified_gmt":"2023-10-10T16:23:26","slug":"ban-tin-du-lich","status":"publish","type":"page","link":"https:\/\/phuongnamstar.vn\/en\/ban-tin-du-lich\/","title":{"rendered":"B\u1ea3n tin du l\u1ecbch"},"content":{"rendered":"<div data-elementor-type=\"wp-page\" data-elementor-id=\"20349\" class=\"elementor elementor-20349\" data-elementor-post-type=\"page\">\n\t\t\t\t\t\t\t<div class=\"elementor-element elementor-element-ec44946 e-flex e-con-boxed e-con e-parent\" data-id=\"ec44946\" data-element_type=\"container\" data-settings=\"{&quot;container_type&quot;:&quot;flex&quot;,&quot;content_width&quot;:&quot;boxed&quot;}\" data-core-v316-plus=\"true\">\n\t\t\t\t\t<div class=\"e-con-inner\">\n\t\t\t\t<div class=\"elementor-element elementor-element-0ddf994 bdt-has-divider--yes elementor-widget elementor-widget-bdt-post-list\" data-id=\"0ddf994\" data-element_type=\"widget\" data-widget_type=\"bdt-post-list.default\">\n\t\t\t\t<div class=\"elementor-widget-container\">\n\t\t\t\t\t\t<div id=\"bdt-post-list-0ddf994\" class=\"bdt-post-list bdt-post-list-skin-base\">\n\t\t\t\t<div data-bdt-scrollspy=\"cls: bdt-animation-fade; target: > ul > .bdt-post-list-item; delay: 350;\">\n\t\t\t\t\t<ul class=\"bdt-list bdt-list-large bdt-post-list-item list-part bdt-list-divider\">\n\t\t\t\t\t\t\t\t\t\t\t\t\t<li >\n\t\t\t\t\t\t\t\t<div class=\"bdt-post-list-item-inner\">\n\t\t\t\t\t\t\t\t\t<div class=\"bdt-grid bdt-grid-small bdt-flex-middle\" data-bdt-grid>\n\n\t\t\t\t\t\t\t\t\t\t\t\t\t\t\t\t\t\t\t\t\t<div class=\"bdt-post-list-thumbnail bdt-width-auto\">\n\t\t\t\t\t\t\t\t\t\t\t\t<a href=\"https:\/\/phuongnamstar.vn\/en\/hinh-anh-chuong-trinh-kick-off-team-building-cong-ty-tnhh-cong-nghe-digi\/\" title=\"H\u00ccNH \u1ea2NH CH\u01af\u01a0NG TR\u00ccNH KICK OFF &#8211; TEAM BUILDING C\u00d4NG TY TNHH C\u00d4NG NGH\u1ec6 DIGI.\">\n\t\t\t\t\t\t\t\t\t\t\t\t\t<img decoding=\"async\" width=\"150\" height=\"150\" src=\"https:\/\/phuongnamstar.vn\/wp-content\/uploads\/2026\/03\/z7591650778298_4c223b754e19b7b1ca8e812f57179b22-1-150x150.jpg\" class=\"attachment-thumbnail size-thumbnail\" alt=\"H\u00ccNH \u1ea2NH CH\u01af\u01a0NG TR\u00ccNH KICK OFF &#8211; TEAM BUILDING C\u00d4NG TY TNHH C\u00d4NG NGH\u1ec6 DIGI.\" srcset=\"https:\/\/phuongnamstar.vn\/wp-content\/uploads\/2026\/03\/z7591650778298_4c223b754e19b7b1ca8e812f57179b22-1-150x150.jpg 150w, https:\/\/phuongnamstar.vn\/wp-content\/uploads\/2026\/03\/z7591650778298_4c223b754e19b7b1ca8e812f57179b22-1-300x300.jpg 300w, https:\/\/phuongnamstar.vn\/wp-content\/uploads\/2026\/03\/z7591650778298_4c223b754e19b7b1ca8e812f57179b22-1-1024x1024.jpg 1024w, https:\/\/phuongnamstar.vn\/wp-content\/uploads\/2026\/03\/z7591650778298_4c223b754e19b7b1ca8e812f57179b22-1-1536x1536.jpg 1536w, https:\/\/phuongnamstar.vn\/wp-content\/uploads\/2026\/03\/z7591650778298_4c223b754e19b7b1ca8e812f57179b22-1-2048x2048.jpg 2048w\" sizes=\"(max-width: 150px) 100vw, 150px\" \/>\t\t\t\t\t\t\t\t\t\t\t\t<\/a>\n\t\t\t\t\t\t\t\t\t\t\t<\/div>\n\t\t\t\t\t\t\t\t\t\t\n\t\t\t\t\t\t\t\t\t\t<div class=\"bdt-post-list-desc bdt-width-expand\">\n\t\t\t\t\t\t\t\t\t\t\t\t\t\t\t\t\t\t\t\t\t\t\t<h4 class=\"bdt-post-list-title\">\n\t\t\t\t\t\t\t\t\t\t\t\t\t<a href=\"https:\/\/phuongnamstar.vn\/en\/hinh-anh-chuong-trinh-kick-off-team-building-cong-ty-tnhh-cong-nghe-digi\/\" class=\"bdt-post-list-link\" title=\"H\u00ccNH \u1ea2NH CH\u01af\u01a0NG TR\u00ccNH KICK OFF &#8211; TEAM BUILDING C\u00d4NG TY TNHH C\u00d4NG NGH\u1ec6 DIGI.\">H\u00ccNH \u1ea2NH CH\u01af\u01a0NG TR\u00ccNH KICK OFF &#8211; TEAM BUILDING C\u00d4NG TY TNHH C\u00d4NG NGH\u1ec6 DIGI.<\/a>\n\t\t\t\t\t\t\t\t\t\t\t\t<\/h4>\n\t\t\t\t\t\t\t\t\t\t\t\n\t\t\t\t\t\t\t\t\t\t\t\n\t\t\t\t\t\t\t\t\t\t\t\t<div class=\"bdt-post-list-meta bdt-subnav bdt-flex-middle\">\n\t\t\t\t\t\t\t\t\t\t\t\t\t<span>06\/03\/2026<\/span>\t\t\t\t\t\t\t\t\t\t\t\t\t\t\t\t\t\t\t\t\t\t\t\t\t\t\t\t\t<span>\n\t\t\t\t\t<\/span>\n\t\t\t\t\t\t\t\t\t\t\t\t\t\t\t\n\t\t\t\t\t\t\t\t\t\t\t\t<\/div>\n\n\t\t\t\t\t\t\t\t\t\t\t\t\t\t\t\t\t\t\t\t\t<\/div>\n\t\t\t\t\t\t\t\t\t<\/div>\n\t\t\t\t\t\t\t\t<\/div>\n\t\t\t\t\t\t\t<\/li>\n\t\t\t\t\t\t\t\t\t\t\t\t\t<li >\n\t\t\t\t\t\t\t\t<div class=\"bdt-post-list-item-inner\">\n\t\t\t\t\t\t\t\t\t<div class=\"bdt-grid bdt-grid-small bdt-flex-middle\" data-bdt-grid>\n\n\t\t\t\t\t\t\t\t\t\t\t\t\t\t\t\t\t\t\t\t\t<div class=\"bdt-post-list-thumbnail bdt-width-auto\">\n\t\t\t\t\t\t\t\t\t\t\t\t<a href=\"https:\/\/phuongnamstar.vn\/en\/cung-ngam-nhinn-kyoto-co-kinh-duoc-tai-hien-tai-le-hoi-aoi-matsuri\/\" title=\"C\u00f9ng ng\u1eafm nh\u00ecnn Kyoto c\u1ed5 k\u00ednh \u0111\u01b0\u1ee3c t\u00e1i hi\u1ec7n t\u1ea1i l\u1ec5 h\u1ed9i Aoi Matsuri.\">\n\t\t\t\t\t\t\t\t\t\t\t\t\t<img decoding=\"async\" width=\"150\" height=\"150\" src=\"https:\/\/phuongnamstar.vn\/wp-content\/uploads\/2025\/05\/Yasakanoto-3-M-150x150.jpg\" class=\"attachment-thumbnail size-thumbnail\" alt=\"C\u00f9ng ng\u1eafm nh\u00ecnn Kyoto c\u1ed5 k\u00ednh \u0111\u01b0\u1ee3c t\u00e1i hi\u1ec7n t\u1ea1i l\u1ec5 h\u1ed9i Aoi Matsuri.\" srcset=\"https:\/\/phuongnamstar.vn\/wp-content\/uploads\/2025\/05\/Yasakanoto-3-M-150x150.jpg 150w, https:\/\/phuongnamstar.vn\/wp-content\/uploads\/2025\/05\/Yasakanoto-3-M-300x300.jpg 300w, https:\/\/phuongnamstar.vn\/wp-content\/uploads\/2025\/05\/Yasakanoto-3-M-1024x1024.jpg 1024w, https:\/\/phuongnamstar.vn\/wp-content\/uploads\/2025\/05\/Yasakanoto-3-M-1536x1536.jpg 1536w, https:\/\/phuongnamstar.vn\/wp-content\/uploads\/2025\/05\/Yasakanoto-3-M-2048x2048.jpg 2048w\" sizes=\"(max-width: 150px) 100vw, 150px\" \/>\t\t\t\t\t\t\t\t\t\t\t\t<\/a>\n\t\t\t\t\t\t\t\t\t\t\t<\/div>\n\t\t\t\t\t\t\t\t\t\t\n\t\t\t\t\t\t\t\t\t\t<div class=\"bdt-post-list-desc bdt-width-expand\">\n\t\t\t\t\t\t\t\t\t\t\t\t\t\t\t\t\t\t\t\t\t\t\t<h4 class=\"bdt-post-list-title\">\n\t\t\t\t\t\t\t\t\t\t\t\t\t<a href=\"https:\/\/phuongnamstar.vn\/en\/cung-ngam-nhinn-kyoto-co-kinh-duoc-tai-hien-tai-le-hoi-aoi-matsuri\/\" class=\"bdt-post-list-link\" title=\"C\u00f9ng ng\u1eafm nh\u00ecnn Kyoto c\u1ed5 k\u00ednh \u0111\u01b0\u1ee3c t\u00e1i hi\u1ec7n t\u1ea1i l\u1ec5 h\u1ed9i Aoi Matsuri.\">C\u00f9ng ng\u1eafm nh\u00ecnn Kyoto c\u1ed5 k\u00ednh \u0111\u01b0\u1ee3c t\u00e1i hi\u1ec7n t\u1ea1i l\u1ec5 h\u1ed9i Aoi Matsuri.<\/a>\n\t\t\t\t\t\t\t\t\t\t\t\t<\/h4>\n\t\t\t\t\t\t\t\t\t\t\t\n\t\t\t\t\t\t\t\t\t\t\t\n\t\t\t\t\t\t\t\t\t\t\t\t<div class=\"bdt-post-list-meta bdt-subnav bdt-flex-middle\">\n\t\t\t\t\t\t\t\t\t\t\t\t\t<span>06\/05\/2025<\/span>\t\t\t\t\t\t\t\t\t\t\t\t\t\t\t\t\t\t\t\t\t\t\t\t\t\t\t\t\t<span>\n\t\t\t\t\t<\/span>\n\t\t\t\t\t\t\t\t\t\t\t\t\t\t\t\n\t\t\t\t\t\t\t\t\t\t\t\t<\/div>\n\n\t\t\t\t\t\t\t\t\t\t\t\t\t\t\t\t\t\t\t\t\t<\/div>\n\t\t\t\t\t\t\t\t\t<\/div>\n\t\t\t\t\t\t\t\t<\/div>\n\t\t\t\t\t\t\t<\/li>\n\t\t\t\t\t\t\t\t\t\t\t\t\t<li >\n\t\t\t\t\t\t\t\t<div class=\"bdt-post-list-item-inner\">\n\t\t\t\t\t\t\t\t\t<div class=\"bdt-grid bdt-grid-small bdt-flex-middle\" data-bdt-grid>\n\n\t\t\t\t\t\t\t\t\t\t\t\t\t\t\t\t\t\t\t\t\t<div class=\"bdt-post-list-thumbnail bdt-width-auto\">\n\t\t\t\t\t\t\t\t\t\t\t\t<a href=\"https:\/\/phuongnamstar.vn\/en\/kham-pha-tour-du-lich-doanh-nghiep-xay-dung-doi-ngu-manh-me-thanh-cong-vuot-troi\/\" title=\"Kh\u00e1m Ph\u00e1 Tour Du L\u1ecbch Doanh Nghi\u1ec7p &#8211; X\u00e2y D\u1ef1ng \u0110\u1ed9i Ng\u0169 M\u1ea1nh M\u1ebd, Th\u00e0nh C\u00f4ng V\u01b0\u1ee3t Tr\u1ed9i!\">\n\t\t\t\t\t\t\t\t\t\t\t\t\t<img decoding=\"async\" width=\"150\" height=\"150\" src=\"https:\/\/phuongnamstar.vn\/wp-content\/uploads\/2024\/06\/IMG_3964-150x150.jpg\" class=\"attachment-thumbnail size-thumbnail\" alt=\"Kh\u00e1m Ph\u00e1 Tour Du L\u1ecbch Doanh Nghi\u1ec7p &#8211; X\u00e2y D\u1ef1ng \u0110\u1ed9i Ng\u0169 M\u1ea1nh M\u1ebd, Th\u00e0nh C\u00f4ng V\u01b0\u1ee3t Tr\u1ed9i!\" srcset=\"https:\/\/phuongnamstar.vn\/wp-content\/uploads\/2024\/06\/IMG_3964-150x150.jpg 150w, https:\/\/phuongnamstar.vn\/wp-content\/uploads\/2024\/06\/IMG_3964-300x300.jpg 300w, https:\/\/phuongnamstar.vn\/wp-content\/uploads\/2024\/06\/IMG_3964-1024x1024.jpg 1024w, https:\/\/phuongnamstar.vn\/wp-content\/uploads\/2024\/06\/IMG_3964-1536x1536.jpg 1536w, https:\/\/phuongnamstar.vn\/wp-content\/uploads\/2024\/06\/IMG_3964-2048x2048.jpg 2048w, https:\/\/phuongnamstar.vn\/wp-content\/uploads\/2024\/06\/IMG_3964-scaled-600x600.jpg 600w\" sizes=\"(max-width: 150px) 100vw, 150px\" \/>\t\t\t\t\t\t\t\t\t\t\t\t<\/a>\n\t\t\t\t\t\t\t\t\t\t\t<\/div>\n\t\t\t\t\t\t\t\t\t\t\n\t\t\t\t\t\t\t\t\t\t<div class=\"bdt-post-list-desc bdt-width-expand\">\n\t\t\t\t\t\t\t\t\t\t\t\t\t\t\t\t\t\t\t\t\t\t\t<h4 class=\"bdt-post-list-title\">\n\t\t\t\t\t\t\t\t\t\t\t\t\t<a href=\"https:\/\/phuongnamstar.vn\/en\/kham-pha-tour-du-lich-doanh-nghiep-xay-dung-doi-ngu-manh-me-thanh-cong-vuot-troi\/\" class=\"bdt-post-list-link\" title=\"Kh\u00e1m Ph\u00e1 Tour Du L\u1ecbch Doanh Nghi\u1ec7p &#8211; X\u00e2y D\u1ef1ng \u0110\u1ed9i Ng\u0169 M\u1ea1nh M\u1ebd, Th\u00e0nh C\u00f4ng V\u01b0\u1ee3t Tr\u1ed9i!\">Kh\u00e1m Ph\u00e1 Tour Du L\u1ecbch Doanh Nghi\u1ec7p &#8211; X\u00e2y D\u1ef1ng \u0110\u1ed9i Ng\u0169 M\u1ea1nh M\u1ebd, Th\u00e0nh C\u00f4ng V\u01b0\u1ee3t Tr\u1ed9i!<\/a>\n\t\t\t\t\t\t\t\t\t\t\t\t<\/h4>\n\t\t\t\t\t\t\t\t\t\t\t\n\t\t\t\t\t\t\t\t\t\t\t\n\t\t\t\t\t\t\t\t\t\t\t\t<div class=\"bdt-post-list-meta bdt-subnav bdt-flex-middle\">\n\t\t\t\t\t\t\t\t\t\t\t\t\t<span>14\/06\/2024<\/span>\t\t\t\t\t\t\t\t\t\t\t\t\t\t\t\t\t\t\t\t\t\t\t\t\t\t\t\t\t<span>\n\t\t\t<a href=\"https:\/\/phuongnamstar.vn\/en\/category\/travel\/\">TRAVEL<\/a>\t\t<\/span>\n\t\t\t\t\t\t\t\t\t\t\t\t\t\t\t\n\t\t\t\t\t\t\t\t\t\t\t\t<\/div>\n\n\t\t\t\t\t\t\t\t\t\t\t\t\t\t\t\t\t\t\t\t\t<\/div>\n\t\t\t\t\t\t\t\t\t<\/div>\n\t\t\t\t\t\t\t\t<\/div>\n\t\t\t\t\t\t\t<\/li>\n\t\t\t\t\t\t\t\t\t\t\t\t\t<li >\n\t\t\t\t\t\t\t\t<div class=\"bdt-post-list-item-inner\">\n\t\t\t\t\t\t\t\t\t<div class=\"bdt-grid bdt-grid-small bdt-flex-middle\" data-bdt-grid>\n\n\t\t\t\t\t\t\t\t\t\t\t\t\t\t\t\t\t\t\t\t\t<div class=\"bdt-post-list-thumbnail bdt-width-auto\">\n\t\t\t\t\t\t\t\t\t\t\t\t<a href=\"https:\/\/phuongnamstar.vn\/en\/khai-truong-tuyen-tau-cao-toc-tp-hcm-con-dao-vao-dip-tet-giap-thin\/\" title=\"Khai tr\u01b0\u01a1ng tuy\u1ebfn t\u00e0u cao t\u1ed1c TP.HCM &#8211; C\u00f4n \u0110\u1ea3o v\u00e0o d\u1ecbp T\u1ebft Gi\u00e1p Th\u00ecn\">\n\t\t\t\t\t\t\t\t\t\t\t\t\t<img loading=\"lazy\" decoding=\"async\" width=\"150\" height=\"150\" src=\"https:\/\/phuongnamstar.vn\/wp-content\/uploads\/2024\/02\/tau-cao-toc-tphcm-co-1704856613872897654051-150x150.jpg\" class=\"attachment-thumbnail size-thumbnail\" alt=\"Khai tr\u01b0\u01a1ng tuy\u1ebfn t\u00e0u cao t\u1ed1c TP.HCM &#8211; C\u00f4n \u0110\u1ea3o v\u00e0o d\u1ecbp T\u1ebft Gi\u00e1p Th\u00ecn\" srcset=\"https:\/\/phuongnamstar.vn\/wp-content\/uploads\/2024\/02\/tau-cao-toc-tphcm-co-1704856613872897654051-150x150.jpg 150w, https:\/\/phuongnamstar.vn\/wp-content\/uploads\/2024\/02\/tau-cao-toc-tphcm-co-1704856613872897654051-300x300.jpg 300w, https:\/\/phuongnamstar.vn\/wp-content\/uploads\/2024\/02\/tau-cao-toc-tphcm-co-1704856613872897654051-1024x1024.jpg 1024w, https:\/\/phuongnamstar.vn\/wp-content\/uploads\/2024\/02\/tau-cao-toc-tphcm-co-1704856613872897654051-1536x1536.jpg 1536w, https:\/\/phuongnamstar.vn\/wp-content\/uploads\/2024\/02\/tau-cao-toc-tphcm-co-1704856613872897654051-2048x2048.jpg 2048w\" sizes=\"(max-width: 150px) 100vw, 150px\" \/>\t\t\t\t\t\t\t\t\t\t\t\t<\/a>\n\t\t\t\t\t\t\t\t\t\t\t<\/div>\n\t\t\t\t\t\t\t\t\t\t\n\t\t\t\t\t\t\t\t\t\t<div class=\"bdt-post-list-desc bdt-width-expand\">\n\t\t\t\t\t\t\t\t\t\t\t\t\t\t\t\t\t\t\t\t\t\t\t<h4 class=\"bdt-post-list-title\">\n\t\t\t\t\t\t\t\t\t\t\t\t\t<a href=\"https:\/\/phuongnamstar.vn\/en\/khai-truong-tuyen-tau-cao-toc-tp-hcm-con-dao-vao-dip-tet-giap-thin\/\" class=\"bdt-post-list-link\" title=\"Khai tr\u01b0\u01a1ng tuy\u1ebfn t\u00e0u cao t\u1ed1c TP.HCM &#8211; C\u00f4n \u0110\u1ea3o v\u00e0o d\u1ecbp T\u1ebft Gi\u00e1p Th\u00ecn\">Khai tr\u01b0\u01a1ng tuy\u1ebfn t\u00e0u cao t\u1ed1c TP.HCM &#8211; C\u00f4n \u0110\u1ea3o v\u00e0o d\u1ecbp T\u1ebft Gi\u00e1p Th\u00ecn<\/a>\n\t\t\t\t\t\t\t\t\t\t\t\t<\/h4>\n\t\t\t\t\t\t\t\t\t\t\t\n\t\t\t\t\t\t\t\t\t\t\t\n\t\t\t\t\t\t\t\t\t\t\t\t<div class=\"bdt-post-list-meta bdt-subnav bdt-flex-middle\">\n\t\t\t\t\t\t\t\t\t\t\t\t\t<span>05\/02\/2024<\/span>\t\t\t\t\t\t\t\t\t\t\t\t\t\t\t\t\t\t\t\t\t\t\t\t\t\t\t\t\t<span>\n\t\t\t\t\t<\/span>\n\t\t\t\t\t\t\t\t\t\t\t\t\t\t\t\n\t\t\t\t\t\t\t\t\t\t\t\t<\/div>\n\n\t\t\t\t\t\t\t\t\t\t\t\t\t\t\t\t\t\t\t\t\t<\/div>\n\t\t\t\t\t\t\t\t\t<\/div>\n\t\t\t\t\t\t\t\t<\/div>\n\t\t\t\t\t\t\t<\/li>\n\t\t\t\t\t\t\t\t\t\t\t\t\t<li >\n\t\t\t\t\t\t\t\t<div class=\"bdt-post-list-item-inner\">\n\t\t\t\t\t\t\t\t\t<div class=\"bdt-grid bdt-grid-small bdt-flex-middle\" data-bdt-grid>\n\n\t\t\t\t\t\t\t\t\t\t\t\t\t\t\t\t\t\t\t\t\t<div class=\"bdt-post-list-thumbnail bdt-width-auto\">\n\t\t\t\t\t\t\t\t\t\t\t\t<a href=\"https:\/\/phuongnamstar.vn\/en\/bai-bo-quy-dinh-ho-chieu-con-han-tu-6-thang-tro-len-moi-duoc-xuat-canh\/\" title=\"B\u00e3i b\u1ecf quy \u0111\u1ecbnh h\u1ed9 chi\u1ebfu c\u00f2n h\u1ea1n t\u1eeb 6 th\u00e1ng tr\u1edf l\u00ean m\u1edbi \u0111\u01b0\u1ee3c xu\u1ea5t c\u1ea3nh\">\n\t\t\t\t\t\t\t\t\t\t\t\t\t<img loading=\"lazy\" decoding=\"async\" width=\"150\" height=\"150\" src=\"https:\/\/phuongnamstar.vn\/wp-content\/uploads\/2023\/10\/cac-loai-ho-chieu-viet-nam-582022-150x150.jpg\" class=\"attachment-thumbnail size-thumbnail\" alt=\"B\u00e3i b\u1ecf quy \u0111\u1ecbnh h\u1ed9 chi\u1ebfu c\u00f2n h\u1ea1n t\u1eeb 6 th\u00e1ng tr\u1edf l\u00ean m\u1edbi \u0111\u01b0\u1ee3c xu\u1ea5t c\u1ea3nh\" srcset=\"https:\/\/phuongnamstar.vn\/wp-content\/uploads\/2023\/10\/cac-loai-ho-chieu-viet-nam-582022-150x150.jpg 150w, https:\/\/phuongnamstar.vn\/wp-content\/uploads\/2023\/10\/cac-loai-ho-chieu-viet-nam-582022-300x300.jpg 300w, https:\/\/phuongnamstar.vn\/wp-content\/uploads\/2023\/10\/cac-loai-ho-chieu-viet-nam-582022-1024x1024.jpg 1024w, https:\/\/phuongnamstar.vn\/wp-content\/uploads\/2023\/10\/cac-loai-ho-chieu-viet-nam-582022-1536x1536.jpg 1536w, https:\/\/phuongnamstar.vn\/wp-content\/uploads\/2023\/10\/cac-loai-ho-chieu-viet-nam-582022-2048x2048.jpg 2048w\" sizes=\"(max-width: 150px) 100vw, 150px\" \/>\t\t\t\t\t\t\t\t\t\t\t\t<\/a>\n\t\t\t\t\t\t\t\t\t\t\t<\/div>\n\t\t\t\t\t\t\t\t\t\t\n\t\t\t\t\t\t\t\t\t\t<div class=\"bdt-post-list-desc bdt-width-expand\">\n\t\t\t\t\t\t\t\t\t\t\t\t\t\t\t\t\t\t\t\t\t\t\t<h4 class=\"bdt-post-list-title\">\n\t\t\t\t\t\t\t\t\t\t\t\t\t<a href=\"https:\/\/phuongnamstar.vn\/en\/bai-bo-quy-dinh-ho-chieu-con-han-tu-6-thang-tro-len-moi-duoc-xuat-canh\/\" class=\"bdt-post-list-link\" title=\"B\u00e3i b\u1ecf quy \u0111\u1ecbnh h\u1ed9 chi\u1ebfu c\u00f2n h\u1ea1n t\u1eeb 6 th\u00e1ng tr\u1edf l\u00ean m\u1edbi \u0111\u01b0\u1ee3c xu\u1ea5t c\u1ea3nh\">B\u00e3i b\u1ecf quy \u0111\u1ecbnh h\u1ed9 chi\u1ebfu c\u00f2n h\u1ea1n t\u1eeb 6 th\u00e1ng tr\u1edf l\u00ean m\u1edbi \u0111\u01b0\u1ee3c xu\u1ea5t c\u1ea3nh<\/a>\n\t\t\t\t\t\t\t\t\t\t\t\t<\/h4>\n\t\t\t\t\t\t\t\t\t\t\t\n\t\t\t\t\t\t\t\t\t\t\t\n\t\t\t\t\t\t\t\t\t\t\t\t<div class=\"bdt-post-list-meta bdt-subnav bdt-flex-middle\">\n\t\t\t\t\t\t\t\t\t\t\t\t\t<span>11\/10\/2023<\/span>\t\t\t\t\t\t\t\t\t\t\t\t\t\t\t\t\t\t\t\t\t\t\t\t\t\t\t\t\t<span>\n\t\t\t\t\t<\/span>\n\t\t\t\t\t\t\t\t\t\t\t\t\t\t\t\n\t\t\t\t\t\t\t\t\t\t\t\t<\/div>\n\n\t\t\t\t\t\t\t\t\t\t\t\t\t\t\t\t\t\t\t\t\t<\/div>\n\t\t\t\t\t\t\t\t\t<\/div>\n\t\t\t\t\t\t\t\t<\/div>\n\t\t\t\t\t\t\t<\/li>\n\t\t\t\t\t\t\t\t\t\t\t\t\t<li >\n\t\t\t\t\t\t\t\t<div class=\"bdt-post-list-item-inner\">\n\t\t\t\t\t\t\t\t\t<div class=\"bdt-grid bdt-grid-small bdt-flex-middle\" data-bdt-grid>\n\n\t\t\t\t\t\t\t\t\t\t\t\t\t\t\t\t\t\t\t\t\t<div class=\"bdt-post-list-thumbnail bdt-width-auto\">\n\t\t\t\t\t\t\t\t\t\t\t\t<a href=\"https:\/\/phuongnamstar.vn\/en\/duoc-mang-nhung-thuc-pham-nao-khi-toi-singapore\/\" title=\"\u0110\u01b0\u1ee3c mang nh\u1eefng th\u1ef1c ph\u1ea9m n\u00e0o khi t\u1edbi Singapore?\">\n\t\t\t\t\t\t\t\t\t\t\t\t\t<img loading=\"lazy\" decoding=\"async\" width=\"150\" height=\"150\" src=\"https:\/\/phuongnamstar.vn\/wp-content\/uploads\/2023\/10\/sin-150x150.jpg\" class=\"attachment-thumbnail size-thumbnail\" alt=\"\u0110\u01b0\u1ee3c mang nh\u1eefng th\u1ef1c ph\u1ea9m n\u00e0o khi t\u1edbi Singapore?\" srcset=\"https:\/\/phuongnamstar.vn\/wp-content\/uploads\/2023\/10\/sin-150x150.jpg 150w, https:\/\/phuongnamstar.vn\/wp-content\/uploads\/2023\/10\/sin-300x300.jpg 300w, https:\/\/phuongnamstar.vn\/wp-content\/uploads\/2023\/10\/sin-1024x1024.jpg 1024w, https:\/\/phuongnamstar.vn\/wp-content\/uploads\/2023\/10\/sin-1536x1536.jpg 1536w, https:\/\/phuongnamstar.vn\/wp-content\/uploads\/2023\/10\/sin-2048x2048.jpg 2048w, https:\/\/phuongnamstar.vn\/wp-content\/uploads\/2023\/10\/sin-266x266.jpg 266w\" sizes=\"(max-width: 150px) 100vw, 150px\" \/>\t\t\t\t\t\t\t\t\t\t\t\t<\/a>\n\t\t\t\t\t\t\t\t\t\t\t<\/div>\n\t\t\t\t\t\t\t\t\t\t\n\t\t\t\t\t\t\t\t\t\t<div class=\"bdt-post-list-desc bdt-width-expand\">\n\t\t\t\t\t\t\t\t\t\t\t\t\t\t\t\t\t\t\t\t\t\t\t<h4 class=\"bdt-post-list-title\">\n\t\t\t\t\t\t\t\t\t\t\t\t\t<a href=\"https:\/\/phuongnamstar.vn\/en\/duoc-mang-nhung-thuc-pham-nao-khi-toi-singapore\/\" class=\"bdt-post-list-link\" title=\"\u0110\u01b0\u1ee3c mang nh\u1eefng th\u1ef1c ph\u1ea9m n\u00e0o khi t\u1edbi Singapore?\">\u0110\u01b0\u1ee3c mang nh\u1eefng th\u1ef1c ph\u1ea9m n\u00e0o khi t\u1edbi Singapore?<\/a>\n\t\t\t\t\t\t\t\t\t\t\t\t<\/h4>\n\t\t\t\t\t\t\t\t\t\t\t\n\t\t\t\t\t\t\t\t\t\t\t\n\t\t\t\t\t\t\t\t\t\t\t\t<div class=\"bdt-post-list-meta bdt-subnav bdt-flex-middle\">\n\t\t\t\t\t\t\t\t\t\t\t\t\t<span>10\/10\/2023<\/span>\t\t\t\t\t\t\t\t\t\t\t\t\t\t\t\t\t\t\t\t\t\t\t\t\t\t\t\t\t<span>\n\t\t\t\t\t<\/span>\n\t\t\t\t\t\t\t\t\t\t\t\t\t\t\t\n\t\t\t\t\t\t\t\t\t\t\t\t<\/div>\n\n\t\t\t\t\t\t\t\t\t\t\t\t\t\t\t\t\t\t\t\t\t<\/div>\n\t\t\t\t\t\t\t\t\t<\/div>\n\t\t\t\t\t\t\t\t<\/div>\n\t\t\t\t\t\t\t<\/li>\n\t\t\t\t\t\t\t\t\t\t\t\t\t\t\t\t\t<\/ul>\n\t\t\t\t<\/div>\n\t\t\t<\/div>\n\n\t\t\t\t\t\t\t<div class=\"ep-pagination\">\n\t\t\t\t\t<ul class=\"bdt-pagination bdt-flex-center\">\n<li class=\"bdt-active\"><a href=\"https:\/\/phuongnamstar.vn\/en\/wp-json\/wp\/v2\/pages\/20349\/\">1<\/a><\/li>\n<li><a href=\"https:\/\/phuongnamstar.vn\/en\/wp-json\/wp\/v2\/pages\/20349\/page\/2\/\">2<\/a><\/li>\n<\/ul>\n\t\t\t\t<\/div>\n\t\t<\/div>\n\t\t\t\t<\/div>\n\t\t\t\t\t<\/div>\n\t\t\t\t<\/div>\n\t\t\t\t\t\t\t<\/div>","protected":false},"excerpt":{"rendered":"<p>ul > .bdt-post-list-item; delay: 350;&#8221;> \u0110\u01b0\u1ee3c mang nh\u1eefng th\u1ef1c ph\u1ea9m n\u00e0o khi t\u1edbi Singapore? 10\/10\/2023 \u0110\u00e0i Loan si\u1ebft c\u1ea5p e-visa v\u1edbi kh\u00e1ch Vi\u1ec7t 10\/10\/2023<\/p>","protected":false},"author":1,"featured_media":18868,"parent":0,"menu_order":0,"comment_status":"closed","ping_status":"closed","template":"","meta":{"footnotes":""},"class_list":["post-20349","page","type-page","status-publish","has-post-thumbnail","hentry"],"yoast_head":"<!-- This site is optimized with the Yoast SEO plugin v21.7 - https:\/\/yoast.com\/wordpress\/plugins\/seo\/ -->\n<title>B\u1ea3n tin du l\u1ecbch - Phuong Nam Star Travel<\/title>\n<meta name=\"robots\" content=\"index, follow, max-snippet:-1, max-image-preview:large, max-video-preview:-1\" \/>\n<link rel=\"canonical\" href=\"https:\/\/phuongnamstar.vn\/en\/ban-tin-du-lich\/\" \/>\n<meta property=\"og:locale\" content=\"en_GB\" \/>\n<meta property=\"og:type\" content=\"article\" \/>\n<meta property=\"og:title\" content=\"B\u1ea3n tin du l\u1ecbch - Phuong Nam Star Travel\" \/>\n<meta property=\"og:description\" content=\"ul &gt; .bdt-post-list-item; delay: 350;&#8221;&gt; \u0110\u01b0\u1ee3c mang nh\u1eefng th\u1ef1c ph\u1ea9m n\u00e0o khi t\u1edbi Singapore? 10\/10\/2023 \u0110\u00e0i Loan si\u1ebft c\u1ea5p e-visa v\u1edbi kh\u00e1ch Vi\u1ec7t 10\/10\/2023\" \/>\n<meta property=\"og:url\" content=\"https:\/\/phuongnamstar.vn\/en\/ban-tin-du-lich\/\" \/>\n<meta property=\"og:site_name\" content=\"Phuong Nam Star Travel\" \/>\n<meta property=\"article:modified_time\" content=\"2023-10-10T16:23:26+00:00\" \/>\n<meta property=\"og:image\" content=\"https:\/\/phuongnamstar.vn\/wp-content\/uploads\/2023\/08\/lourve1.jpg\" \/>\n\t<meta property=\"og:image:width\" content=\"1920\" \/>\n\t<meta property=\"og:image:height\" content=\"800\" \/>\n\t<meta property=\"og:image:type\" content=\"image\/jpeg\" \/>\n<meta name=\"twitter:card\" content=\"summary_large_image\" \/>\n<meta name=\"twitter:label1\" content=\"Estimated reading time\" \/>\n\t<meta name=\"twitter:data1\" content=\"1 minute\" \/>\n<script type=\"application\/ld+json\" class=\"yoast-schema-graph\">{\"@context\":\"https:\/\/schema.org\",\"@graph\":[{\"@type\":\"WebPage\",\"@id\":\"https:\/\/phuongnamstar.vn\/ban-tin-du-lich\/\",\"url\":\"https:\/\/phuongnamstar.vn\/ban-tin-du-lich\/\",\"name\":\"B\u1ea3n tin du l\u1ecbch - Phuong Nam Star Travel\",\"isPartOf\":{\"@id\":\"https:\/\/phuongnamstar.vn\/#website\"},\"datePublished\":\"2023-10-10T15:42:01+00:00\",\"dateModified\":\"2023-10-10T16:23:26+00:00\",\"breadcrumb\":{\"@id\":\"https:\/\/phuongnamstar.vn\/ban-tin-du-lich\/#breadcrumb\"},\"inLanguage\":\"en-GB\",\"potentialAction\":[{\"@type\":\"ReadAction\",\"target\":[\"https:\/\/phuongnamstar.vn\/ban-tin-du-lich\/\"]}]},{\"@type\":\"BreadcrumbList\",\"@id\":\"https:\/\/phuongnamstar.vn\/ban-tin-du-lich\/#breadcrumb\",\"itemListElement\":[{\"@type\":\"ListItem\",\"position\":1,\"name\":\"Home\",\"item\":\"https:\/\/phuongnamstar.vn\/\"},{\"@type\":\"ListItem\",\"position\":2,\"name\":\"B\u1ea3n tin du l\u1ecbch\"}]},{\"@type\":\"WebSite\",\"@id\":\"https:\/\/phuongnamstar.vn\/#website\",\"url\":\"https:\/\/phuongnamstar.vn\/\",\"name\":\"Phuong Nam Star Travel\",\"description\":\"\",\"potentialAction\":[{\"@type\":\"SearchAction\",\"target\":{\"@type\":\"EntryPoint\",\"urlTemplate\":\"https:\/\/phuongnamstar.vn\/?s={search_term_string}\"},\"query-input\":\"required name=search_term_string\"}],\"inLanguage\":\"en-GB\"}]}<\/script>\n<!-- \/ Yoast SEO plugin. -->","yoast_head_json":{"title":"B\u1ea3n tin du l\u1ecbch - Phuong Nam Star Travel","robots":{"index":"index","follow":"follow","max-snippet":"max-snippet:-1","max-image-preview":"max-image-preview:large","max-video-preview":"max-video-preview:-1"},"canonical":"https:\/\/phuongnamstar.vn\/en\/ban-tin-du-lich\/","og_locale":"en_GB","og_type":"article","og_title":"B\u1ea3n tin du l\u1ecbch - Phuong Nam Star Travel","og_description":"ul > .bdt-post-list-item; delay: 350;&#8221;> \u0110\u01b0\u1ee3c mang nh\u1eefng th\u1ef1c ph\u1ea9m n\u00e0o khi t\u1edbi Singapore? 10\/10\/2023 \u0110\u00e0i Loan si\u1ebft c\u1ea5p e-visa v\u1edbi kh\u00e1ch Vi\u1ec7t 10\/10\/2023","og_url":"https:\/\/phuongnamstar.vn\/en\/ban-tin-du-lich\/","og_site_name":"Phuong Nam Star Travel","article_modified_time":"2023-10-10T16:23:26+00:00","og_image":[{"width":1920,"height":800,"url":"https:\/\/phuongnamstar.vn\/wp-content\/uploads\/2023\/08\/lourve1.jpg","type":"image\/jpeg"}],"twitter_card":"summary_large_image","twitter_misc":{"Estimated reading time":"1 minute"},"schema":{"@context":"https:\/\/schema.org","@graph":[{"@type":"WebPage","@id":"https:\/\/phuongnamstar.vn\/ban-tin-du-lich\/","url":"https:\/\/phuongnamstar.vn\/ban-tin-du-lich\/","name":"B\u1ea3n tin du l\u1ecbch - Phuong Nam Star Travel","isPartOf":{"@id":"https:\/\/phuongnamstar.vn\/#website"},"datePublished":"2023-10-10T15:42:01+00:00","dateModified":"2023-10-10T16:23:26+00:00","breadcrumb":{"@id":"https:\/\/phuongnamstar.vn\/ban-tin-du-lich\/#breadcrumb"},"inLanguage":"en-GB","potentialAction":[{"@type":"ReadAction","target":["https:\/\/phuongnamstar.vn\/ban-tin-du-lich\/"]}]},{"@type":"BreadcrumbList","@id":"https:\/\/phuongnamstar.vn\/ban-tin-du-lich\/#breadcrumb","itemListElement":[{"@type":"ListItem","position":1,"name":"Home","item":"https:\/\/phuongnamstar.vn\/"},{"@type":"ListItem","position":2,"name":"B\u1ea3n tin du l\u1ecbch"}]},{"@type":"WebSite","@id":"https:\/\/phuongnamstar.vn\/#website","url":"https:\/\/phuongnamstar.vn\/","name":"Phuong Nam Star Travel","description":"","potentialAction":[{"@type":"SearchAction","target":{"@type":"EntryPoint","urlTemplate":"https:\/\/phuongnamstar.vn\/?s={search_term_string}"},"query-input":"required name=search_term_string"}],"inLanguage":"en-GB"}]}},"_links":{"self":[{"href":"https:\/\/phuongnamstar.vn\/en\/wp-json\/wp\/v2\/pages\/20349","targetHints":{"allow":["GET"]}}],"collection":[{"href":"https:\/\/phuongnamstar.vn\/en\/wp-json\/wp\/v2\/pages"}],"about":[{"href":"https:\/\/phuongnamstar.vn\/en\/wp-json\/wp\/v2\/types\/page"}],"author":[{"embeddable":true,"href":"https:\/\/phuongnamstar.vn\/en\/wp-json\/wp\/v2\/users\/1"}],"replies":[{"embeddable":true,"href":"https:\/\/phuongnamstar.vn\/en\/wp-json\/wp\/v2\/comments?post=20349"}],"version-history":[{"count":14,"href":"https:\/\/phuongnamstar.vn\/en\/wp-json\/wp\/v2\/pages\/20349\/revisions"}],"predecessor-version":[{"id":20366,"href":"https:\/\/phuongnamstar.vn\/en\/wp-json\/wp\/v2\/pages\/20349\/revisions\/20366"}],"wp:featuredmedia":[{"embeddable":true,"href":"https:\/\/phuongnamstar.vn\/en\/wp-json\/wp\/v2\/media\/18868"}],"wp:attachment":[{"href":"https:\/\/phuongnamstar.vn\/en\/wp-json\/wp\/v2\/media?parent=20349"}],"curies":[{"name":"wp","href":"https:\/\/api.w.org\/{rel}","templated":true}]}}