{"id":20527,"date":"2023-12-20T16:35:22","date_gmt":"2023-12-20T09:35:22","guid":{"rendered":"https:\/\/phuongnamstar.vn\/?page_id=20527"},"modified":"2023-12-21T11:52:45","modified_gmt":"2023-12-21T04:52:45","slug":"tour-tet-giap-thin-nuoc-ngoai-1","status":"publish","type":"page","link":"https:\/\/phuongnamstar.vn\/en\/tour-tet-giap-thin-nuoc-ngoai-1\/","title":{"rendered":"Tour T\u1ebft Gi\u00e1p Th\u00ecn n\u01b0\u1edbc ngo\u00e0i 1"},"content":{"rendered":"<div data-elementor-type=\"wp-page\" data-elementor-id=\"20527\" class=\"elementor elementor-20527\" data-elementor-post-type=\"page\">\n\t\t\t\t\t\t\t<div class=\"elementor-element elementor-element-0a9de1e e-flex e-con-boxed e-con e-parent\" data-id=\"0a9de1e\" data-element_type=\"container\" data-settings=\"{&quot;container_type&quot;:&quot;flex&quot;,&quot;content_width&quot;:&quot;boxed&quot;}\" data-core-v316-plus=\"true\">\n\t\t\t\t\t<div class=\"e-con-inner\">\n\t\t\t\t<div class=\"elementor-element elementor-element-619657d elementor-widget elementor-widget-text-editor\" data-id=\"619657d\" data-element_type=\"widget\" data-widget_type=\"text-editor.default\">\n\t\t\t\t<div class=\"elementor-widget-container\">\n\t\t\t<style>\/*! elementor - v3.18.0 - 08-12-2023 *\/\n.elementor-widget-text-editor.elementor-drop-cap-view-stacked .elementor-drop-cap{background-color:#69727d;color:#fff}.elementor-widget-text-editor.elementor-drop-cap-view-framed .elementor-drop-cap{color:#69727d;border:3px solid;background-color:transparent}.elementor-widget-text-editor:not(.elementor-drop-cap-view-default) .elementor-drop-cap{margin-top:8px}.elementor-widget-text-editor:not(.elementor-drop-cap-view-default) .elementor-drop-cap-letter{width:1em;height:1em}.elementor-widget-text-editor .elementor-drop-cap{float:left;text-align:center;line-height:1;font-size:50px}.elementor-widget-text-editor .elementor-drop-cap-letter{display:inline-block}<\/style>\t\t\t\t<h4><strong><span style=\"color: #0000ff;\">* CAMPUCHIA<\/span><\/strong><\/h4><h6>SIEMRIEP &#8211; PP<\/h6><p>&#8211; Th\u1eddi gian: 4N 3\u0110<br \/>&#8211; Kh\u00e1ch s\u1ea1n: 4 sao<br \/>&#8211; Ph\u01b0\u01a1ng ti\u1ec7n: xe 45 ch\u1ed7<br \/>&#8211; Kh\u1edfi h\u00e0nh: Th\u00e1ng 2: 11, 12, 13 (M2, M3, M4)<br \/>&#8211; Gi\u00e1 tr\u1ecdn g\u00f3i: ng\u01b0\u1eddi l\u1edbn <strong>5.990.000\u0110<\/strong>, tr\u1ebb em (2 &#8211; 10 tu\u1ed5i): <strong>4.990.000\u0110<\/strong><\/p><hr \/><p>\u00a0<\/p><h6>SIHANNOUK VILLE<\/h6><p>&#8211; Th\u1eddi gian: 4N 3\u0110<br \/>&#8211; Kh\u00e1ch s\u1ea1n: 4 sao<br \/>&#8211; Ph\u01b0\u01a1ng ti\u1ec7n: xe 45 ch\u1ed7<br \/>&#8211; Kh\u1edfi h\u00e0nh: Th\u00e1ng 2: 11, 12, 13 (M2, M3, M4)<br \/>&#8211; Gi\u00e1 tr\u1ecdn g\u00f3i: ng\u01b0\u1eddi l\u1edbn <strong>6.990.000\u0110<\/strong>, tr\u1ebb em (2 &#8211; 10 tu\u1ed5i): <strong>5.990.000\u0110<\/strong><\/p><hr \/><hr \/><hr \/><p>\u00a0<\/p><h4><span style=\"color: #0000ff;\">* TH\u00c1I LAN<\/span><\/h4><h6>BANGKOK &#8211; PATTAYA<\/h6><p>&#8211; Th\u1eddi gian: 5N 4\u0110<br \/>&#8211; Kh\u00e1ch s\u1ea1n: 4 sao<br \/>&#8211; Ph\u01b0\u01a1ng ti\u1ec7n: VIETJET AIR<br \/><strong>&#8211; \u00a0Kh\u1edfi h\u00e0nh:<\/strong><br \/>+ Th\u00e1ng 2: 10, 14 (M1, M5) &#8211; Gi\u00e1 tr\u1ecdn g\u00f3i: ng\u01b0\u1eddi l\u1edbn<strong> 12.990.000\u0110<\/strong>, tr\u1ebb em (2 &#8211; 10 tu\u1ed5i): <strong>11.990.000\u0110.<\/strong><br \/>+ Th\u00e1ng 2: 07, 08, 15, 17 (28T, 29T, M6, M8) &#8211; Gi\u00e1 tr\u1ecdn g\u00f3i: ng\u01b0\u1eddi l\u1edbn<strong> 9.990.000\u0110<\/strong>, tr\u1ebb em (2 &#8211; 10 tu\u1ed5i):<strong> 8.990.000\u0110.<\/strong><br \/>+ Th\u00e1ng 2: 09, 13 (30T, M4) &#8211; Gi\u00e1 tr\u1ecdn g\u00f3i: ng\u01b0\u1eddi l\u1edbn <strong>12.990.000\u0110<\/strong>, tr\u1ebb em (2 &#8211; 10 tu\u1ed5i):<strong> 11.990.000\u0110<\/strong>.<\/p><hr \/><p>\u00a0<\/p><h6>PHUKET &#8211; KOH PHIPHI<\/h6><p>&#8211; Th\u1eddi gian: 4N 3\u0110<br \/>&#8211; Kh\u00e1ch s\u1ea1n: 4 sao<br \/>&#8211; Ph\u01b0\u01a1ng ti\u1ec7n: VJ BAY SA\u0301NG 11h25 &#8211; 14h40<br \/><strong>&#8211; Kh\u1edfi h\u00e0nh:<\/strong> Th\u00e1ng 2: 08, 15 (29T, M6)<br \/>&#8211; Gi\u00e1 tr\u1ecdn g\u00f3i: ng\u01b0\u1eddi l\u1edbn<strong> 13.990.000\u0110<\/strong>, tr\u1ebb em (2 &#8211; 10 tu\u1ed5i):<strong> 11.390.000\u0110<\/strong><\/p><hr \/><p>\u00a0<\/p><h6>CHIANG MAI &#8211; CHIANG RAI<\/h6><p>&#8211; Th\u1eddi gian: 4N 3\u0110<br \/>&#8211; Kh\u00e1ch s\u1ea1n: 4 sao<br \/>&#8211; Ph\u01b0\u01a1ng ti\u1ec7n: VJ BAY 11:25 &#8211; 14:40<br \/><strong>&#8211; Kh\u1edfi h\u00e0nh<\/strong>: Th\u00e1ng 2: 08, 15 (29T, M6)<br \/>&#8211; Gi\u00e1 tr\u1ecdn g\u00f3i: ng\u01b0\u1eddi l\u1edbn <strong>12.990.000\u0110<\/strong>, tr\u1ebb em (2 &#8211; 10 tu\u1ed5i):<strong> 11.990.000\u0110<\/strong><\/p><hr \/><hr \/><hr \/><p>\u00a0<\/p><h4><span style=\"color: #0000ff;\">* BALI (INDONESIA)<\/span><\/h4><p>&#8211; Th\u1eddi gian: 4N 3\u0110<br \/>&#8211; Kh\u00e1ch s\u1ea1n: 4 &#8211; 5 sao<br \/>&#8211; Ph\u01b0\u01a1ng ti\u1ec7n: Vietjet Air<br \/><strong>&#8211; Kh\u1edfi h\u00e0nh:<\/strong><br \/>+ Th\u00e1ng 2: 08, 15 (29T, M6) &#8211; Gi\u00e1 tr\u1ecdn g\u00f3i: ng\u01b0\u1eddi l\u1edbn <strong>14.990.000\u0110<\/strong>, tr\u1ebb em (2 &#8211; 10 tu\u1ed5i): <strong>11.990.000\u0110<\/strong><br \/>+ Th\u00e1ng 2: 10 (M1) &#8211; Gi\u00e1 tr\u1ecdn g\u00f3i: ng\u01b0\u1eddi l\u1edbn <strong>15.590.000\u0110<\/strong>, tr\u1ebb em (2 &#8211; 10 tu\u1ed5i):<strong> 12.470.000\u0110<\/strong><\/p><hr \/><hr \/><hr \/><p>\u00a0<\/p><h4><span style=\"color: #0000ff;\">* MALAYSIA &#8211; SINGAPORE<\/span><\/h4><h6>SINGAPORE<\/h6><p>&#8211; Th\u1eddi gian: 3N 2\u0110<br \/>&#8211; Kh\u00e1ch s\u1ea1n: 4 &#8211; 5 sao<br \/>&#8211; Ph\u01b0\u01a1ng ti\u1ec7n: Vietjet Air<br \/><strong>&#8211; Kh\u1edfi h\u00e0nh:<\/strong><br \/>+ Th\u00e1ng 2: 09 (30T) &#8211; Gi\u00e1 tr\u1ecdn g\u00f3i: ng\u01b0\u1eddi l\u1edbn <strong>13.990.000\u0110<\/strong>, tr\u1ebb em (2 &#8211; 10 tu\u1ed5i): <strong>11.790.000\u0110<\/strong><br \/>+ Th\u00e1ng 2: 16 (M7) &#8211; Gi\u00e1 tr\u1ecdn g\u00f3i: ng\u01b0\u1eddi l\u1edbn <strong>12.990.000\u0110<\/strong>, tr\u1ebb em (2 &#8211; 10 tu\u1ed5i): <strong>10.990.000\u0110<\/strong><\/p><hr \/><p>\u00a0<\/p><h6>MALAYSIA &#8211; SINGAPORE<\/h6><p>&#8211; Kh\u00e1ch s\u1ea1n: 3 &#8211; 4 sao<br \/>&#8211; Ph\u01b0\u01a1ng ti\u1ec7n: Vietnam Airlines<br \/><strong>a. Th\u1eddi gian: 5N 4\u0110<\/strong><br \/><strong>&#8211; Kh\u1edfi h\u00e0nh: <\/strong>Th\u00e1ng 2: 07 (28T), 14 (M5)<br \/>&#8211; Gi\u00e1 tr\u1ecdn g\u00f3i: ng\u01b0\u1eddi l\u1edbn<strong> 14.990.000\u0110<\/strong>, tr\u1ebb em (2 &#8211; 10 tu\u1ed5i): <strong>13.990.000\u0110<\/strong><br \/><strong>b.Th\u1eddi gian: 6N 5\u0110<\/strong><br \/><strong>&#8211; Kh\u1edfi h\u00e0nh:<\/strong> Th\u00e1ng 2: 10 (M1)<br \/>&#8211; Gi\u00e1 tr\u1ecdn g\u00f3i: ng\u01b0\u1eddi l\u1edbn <strong>18.990.000\u0110<\/strong>, tr\u1ebb em (2 &#8211; 10 tu\u1ed5i):<strong> 15.790.000\u0110<\/strong><br \/>&#8211; Kh\u1edfi h\u00e0nh: Th\u00e1ng 2: 14 (M5) &#8211; Gi\u00e1 tr\u1ecdn g\u00f3i: ng\u01b0\u1eddi l\u1edbn <strong>17.990.000\u0110<\/strong>, tr\u1ebb em (2 &#8211; 10 tu\u1ed5i): <strong>14.990.000\u0110<\/strong>.<\/p><hr \/><hr \/><hr \/><p>\u00a0<\/p><h4><span style=\"color: #0000ff;\">* DU THUY\u1ec0N<\/span><\/h4><h6>MSC BELLISSIMA TAIWAN &#8211; JAPAN<\/h6><p>&#8211; Th\u1eddi gian: 7N 6\u0110<br \/>&#8211; Kh\u00e1ch s\u1ea1n: 4 sao, DU THUY\u1ec0N 5 sao<br \/>&#8211; Ph\u01b0\u01a1ng ti\u1ec7n: China Airlines<br \/><strong>&#8211; Kh\u1edfi h\u00e0nh:<\/strong><br \/>+ Th\u00e1ng 2: 8 (29T) &#8211; Gi\u00e1 tr\u1ecdn g\u00f3i: ng\u01b0\u1eddi l\u1edbn <strong>51.990.000\u0110<\/strong><br \/>+ Th\u00e1ng 2: 12 (M3) &#8211; Gi\u00e1 tr\u1ecdn g\u00f3i: ng\u01b0\u1eddi l\u1edbn<strong> 59.990.000\u0110<\/strong><\/p><hr \/><p>\u00a0<\/p><h6>SPECTRUM OF THE SEA SINGAPORE &#8211; MALAYSIA<\/h6><p>&#8211; Th\u1eddi gian: 6N 5\u0110<br \/>&#8211; Kh\u00e1ch s\u1ea1n: DU THUY\u1ec0N 5*<br \/>&#8211; Ph\u01b0\u01a1ng ti\u1ec7n: Vietnam Airlines<br \/><strong>&#8211; Kh\u1edfi h\u00e0nh:<\/strong> Th\u00e1ng 2: 12 (M3)<br \/>&#8211; Gi\u00e1 tr\u1ecdn g\u00f3i: ng\u01b0\u1eddi l\u1edbn<strong> 44.990.000\u0110<\/strong><\/p><hr \/><hr \/><hr \/><p>\u00a0<\/p><h4><span style=\"color: #0000ff;\">* TRUNG QU\u1ed0C<\/span><\/h4><h6>TR\u01af\u01a0NG GIA GI\u1edaI &#8211; PH\u01af\u1ee2NG HO\u00c0NG C\u1ed4 TR\u1ea4N<\/h6><p>&#8211; Kh\u00e1ch s\u1ea1n: 4 sao<br \/>&#8211; Ph\u01b0\u01a1ng ti\u1ec7n: Vietjet Air<br \/>&#8211; Th\u1eddi gian: 5N 4\u0110<br \/><strong>&#8211; Kh\u1edfi h\u00e0nh:<\/strong>:<br \/>+ Th\u00e1ng 2: 11 (M2), 08 (29T),13 (M4)<br \/>&#8211; Gi\u00e1 tr\u1ecdn g\u00f3i: ng\u01b0\u1eddi l\u1edbn t\u1eeb <strong>17.990.000\u0110<\/strong>, tr\u1ebb em (2 &#8211; 10 tu\u1ed5i) t\u1eeb: <strong>16.990.000\u0110<\/strong><\/p><hr \/><p>\u00a0<\/p><h6>TH\u01af\u1ee2NG H\u1ea2I &#8211; V\u00d4 T\u00cdCH &#8211; H\u00c0NG CH\u00c2U &#8211; T\u00d4 CH\u00c2U<\/h6><p>&#8211; Kh\u00e1ch s\u1ea1n: 4 sao<br \/>&#8211; Ph\u01b0\u01a1ng ti\u1ec7n: Vietjet Air<br \/>&#8211; Th\u1eddi gian: 5N 4\u0110<br \/><strong>&#8211; Kh\u1edfi h\u00e0nh:<\/strong> 07, 14 (28T, M5)<br \/>&#8211; Gi\u00e1 tr\u1ecdn g\u00f3i: ng\u01b0\u1eddi l\u1edbn <strong>20.990.000\u0110<\/strong>, tr\u1ebb em (2 &#8211; 10 tu\u1ed5i):<strong> 19.990.000\u0110<\/strong><\/p><hr \/><p>\u00a0<\/p><h6>TH\u01af\u1ee2NG H\u1ea2I &#8211; V\u00d4 T\u00cdCH &#8211; H\u00c0NG CH\u00c2U &#8211; T\u00d4 CH\u00c2U<\/h6><p>&#8211; Kh\u00e1ch s\u1ea1n: 4 sao<br \/>&#8211; Ph\u01b0\u01a1ng ti\u1ec7n: Vietjet Air<br \/>&#8211; Th\u1eddi gian: 5N 4\u0110<br \/><strong>&#8211; Kh\u1edfi h\u00e0nh: <\/strong>07, 14 (28T, M5)<br \/>&#8211; Gi\u00e1 tr\u1ecdn g\u00f3i: ng\u01b0\u1eddi l\u1edbn <strong>20.990.000\u0110<\/strong>, tr\u1ebb em (2 &#8211; 10 tu\u1ed5i): <strong>19.990.000\u0110<\/strong><\/p><hr \/><p>\u00a0<\/p><h6>L\u1ec6 GIANG &#8211; SHANGILA<\/h6><p>&#8211; Kh\u00e1ch s\u1ea1n: 4 sao<br \/>&#8211; Ph\u01b0\u01a1ng ti\u1ec7n: CHINA EASTERN AIR<br \/>&#8211; Th\u1eddi gian: 6N 5\u0110<br \/><strong>&#8211; Kh\u1edfi h\u00e0nh:<\/strong><br \/>+ Th\u00e1ng 2: 12 (M3) &#8211; Gi\u00e1 tr\u1ecdn g\u00f3i: ng\u01b0\u1eddi l\u1edbn<strong>27.880.000\u0110<\/strong>, tr\u1ebb em (2 &#8211; 10 tu\u1ed5i):<strong> 26.880.000\u0110<\/strong><br \/>+ Th\u00e1ng 2: 15 (M6) &#8211; Gi\u00e1 tr\u1ecdn g\u00f3i: ng\u01b0\u1eddi l\u1edbn <strong>24.880.000\u0110<\/strong>, tr\u1ebb em (2 &#8211; 10 tu\u1ed5i):<strong> 23.880.000\u0110<\/strong><\/p><hr \/><p>\u00a0<\/p><h6>B\u1eaeC KINH &#8211; TH\u01af\u1ee2NG H\u1ea2I &#8211; H\u00c0NG CH\u00c2U &#8211; \u00d4 TR\u1ea4N<\/h6><p>&#8211; Kh\u00e1ch s\u1ea1n: 4 sao<br \/>&#8211; Ph\u01b0\u01a1ng ti\u1ec7n: CATHAY PACIFIC (Transit HONGKONG)<br \/>&#8211; Th\u1eddi gian: 7N 6\u0110<br \/><strong>&#8211; Kh\u1edfi h\u00e0nh:<\/strong><br \/>+ Th\u00e1ng 2: 12 (M3)<br \/>&#8211; Gi\u00e1 tr\u1ecdn g\u00f3i: ng\u01b0\u1eddi l\u1edbn 28.880.000\u0110, tr\u1ebb em (2 &#8211; 10 tu\u1ed5i): <strong>27.880.000\u0110<\/strong><br \/>+ Th\u00e1ng 2: 13 (M4)<br \/>&#8211; Gi\u00e1 tr\u1ecdn g\u00f3i: ng\u01b0\u1eddi l\u1edbn <strong>27.880.000\u0110<\/strong>, tr\u1ebb em (2 &#8211; 10 tu\u1ed5i):<strong> 26.880.000\u0110<\/strong><\/p><hr \/><hr \/><hr \/><p>\u00a0<\/p><h4><span style=\"color: #0000ff;\">* \u0110\u00c0I LOAN<\/span><\/h4><p>&#8211; Kh\u00e1ch s\u1ea1n: 3 &#8211; 4 sao<br \/>&#8211; Ph\u01b0\u01a1ng ti\u1ec7n: China Airlines<br \/>&#8211; Th\u1eddi gian: 5N 4\u0110, 6N 5\u0110<br \/><strong>&#8211; Kh\u1edfi h\u00e0nh:<\/strong> 07, 08, 09, 10, 11, 12, 13 (28T, 29T, 30T, M1, M2, M3, M4)<br \/>&#8211; Gi\u00e1 tr\u1ecdn g\u00f3i: ng\u01b0\u1eddi l\u1edbn t\u1eeb<strong> 17.990.000\u0110<\/strong>, tr\u1ebb em (2 &#8211; 10 tu\u1ed5i): <strong>16.990.000\u0110<\/strong><\/p>\t\t\t\t\t\t<\/div>\n\t\t\t\t<\/div>\n\t\t\t\t\t<\/div>\n\t\t\t\t<\/div>\n\t\t<div class=\"elementor-element elementor-element-498a5ce e-flex e-con-boxed e-con e-parent\" data-id=\"498a5ce\" data-element_type=\"container\" data-settings=\"{&quot;container_type&quot;:&quot;flex&quot;,&quot;content_width&quot;:&quot;boxed&quot;}\" data-core-v316-plus=\"true\">\n\t\t\t\t\t<div class=\"e-con-inner\">\n\t\t\t\t<div class=\"elementor-element elementor-element-dd953bc elementor-widget-divider--view-line elementor-widget elementor-widget-divider\" data-id=\"dd953bc\" data-element_type=\"widget\" data-widget_type=\"divider.default\">\n\t\t\t\t<div class=\"elementor-widget-container\">\n\t\t\t<style>\/*! elementor - v3.18.0 - 08-12-2023 *\/\n.elementor-widget-divider{--divider-border-style:none;--divider-border-width:1px;--divider-color:#0c0d0e;--divider-icon-size:20px;--divider-element-spacing:10px;--divider-pattern-height:24px;--divider-pattern-size:20px;--divider-pattern-url:none;--divider-pattern-repeat:repeat-x}.elementor-widget-divider .elementor-divider{display:flex}.elementor-widget-divider .elementor-divider__text{font-size:15px;line-height:1;max-width:95%}.elementor-widget-divider .elementor-divider__element{margin:0 var(--divider-element-spacing);flex-shrink:0}.elementor-widget-divider .elementor-icon{font-size:var(--divider-icon-size)}.elementor-widget-divider .elementor-divider-separator{display:flex;margin:0;direction:ltr}.elementor-widget-divider--view-line_icon .elementor-divider-separator,.elementor-widget-divider--view-line_text .elementor-divider-separator{align-items:center}.elementor-widget-divider--view-line_icon .elementor-divider-separator:after,.elementor-widget-divider--view-line_icon .elementor-divider-separator:before,.elementor-widget-divider--view-line_text .elementor-divider-separator:after,.elementor-widget-divider--view-line_text .elementor-divider-separator:before{display:block;content:\"\";border-bottom:0;flex-grow:1;border-top:var(--divider-border-width) var(--divider-border-style) var(--divider-color)}.elementor-widget-divider--element-align-left .elementor-divider .elementor-divider-separator>.elementor-divider__svg:first-of-type{flex-grow:0;flex-shrink:100}.elementor-widget-divider--element-align-left .elementor-divider-separator:before{content:none}.elementor-widget-divider--element-align-left .elementor-divider__element{margin-left:0}.elementor-widget-divider--element-align-right .elementor-divider .elementor-divider-separator>.elementor-divider__svg:last-of-type{flex-grow:0;flex-shrink:100}.elementor-widget-divider--element-align-right .elementor-divider-separator:after{content:none}.elementor-widget-divider--element-align-right .elementor-divider__element{margin-right:0}.elementor-widget-divider:not(.elementor-widget-divider--view-line_text):not(.elementor-widget-divider--view-line_icon) .elementor-divider-separator{border-top:var(--divider-border-width) var(--divider-border-style) var(--divider-color)}.elementor-widget-divider--separator-type-pattern{--divider-border-style:none}.elementor-widget-divider--separator-type-pattern.elementor-widget-divider--view-line .elementor-divider-separator,.elementor-widget-divider--separator-type-pattern:not(.elementor-widget-divider--view-line) .elementor-divider-separator:after,.elementor-widget-divider--separator-type-pattern:not(.elementor-widget-divider--view-line) .elementor-divider-separator:before,.elementor-widget-divider--separator-type-pattern:not([class*=elementor-widget-divider--view]) .elementor-divider-separator{width:100%;min-height:var(--divider-pattern-height);-webkit-mask-size:var(--divider-pattern-size) 100%;mask-size:var(--divider-pattern-size) 100%;-webkit-mask-repeat:var(--divider-pattern-repeat);mask-repeat:var(--divider-pattern-repeat);background-color:var(--divider-color);-webkit-mask-image:var(--divider-pattern-url);mask-image:var(--divider-pattern-url)}.elementor-widget-divider--no-spacing{--divider-pattern-size:auto}.elementor-widget-divider--bg-round{--divider-pattern-repeat:round}.rtl .elementor-widget-divider .elementor-divider__text{direction:rtl}.e-con-inner>.elementor-widget-divider,.e-con>.elementor-widget-divider{width:var(--container-widget-width,100%);--flex-grow:var(--container-widget-flex-grow)}<\/style>\t\t<div class=\"elementor-divider\">\n\t\t\t<span class=\"elementor-divider-separator\">\n\t\t\t\t\t\t<\/span>\n\t\t<\/div>\n\t\t\t\t<\/div>\n\t\t\t\t<\/div>\n\t\t\t\t\t<\/div>\n\t\t\t\t<\/div>\n\t\t\t\t\t\t\t<\/div>","protected":false},"excerpt":{"rendered":"<p>* CAMPUCHIA SIEMRIEP &#8211; PP &#8211; Th\u1eddi gian: 4N 3\u0110&#8211; Kh\u00e1ch s\u1ea1n: 4 sao&#8211; Ph\u01b0\u01a1ng ti\u1ec7n: xe 45 ch\u1ed7&#8211; Kh\u1edfi h\u00e0nh: Th\u00e1ng 2: 11, 12, 13 (M2, M3, M4)&#8211; Gi\u00e1 tr\u1ecdn g\u00f3i: ng\u01b0\u1eddi l\u1edbn 5.990.000\u0110, tr\u1ebb em (2 &#8211; 10 tu\u1ed5i): 4.990.000\u0110 \u00a0 SIHANNOUK VILLE &#8211; Th\u1eddi gian: 4N 3\u0110&#8211; Kh\u00e1ch s\u1ea1n: 4 sao&#8211; Ph\u01b0\u01a1ng [&hellip;]<\/p>","protected":false},"author":1,"featured_media":15719,"parent":0,"menu_order":0,"comment_status":"closed","ping_status":"closed","template":"","meta":{"footnotes":""},"class_list":["post-20527","page","type-page","status-publish","has-post-thumbnail","hentry"],"yoast_head":"<!-- This site is optimized with the Yoast SEO plugin v21.7 - https:\/\/yoast.com\/wordpress\/plugins\/seo\/ -->\n<title>Tour T\u1ebft Gi\u00e1p Th\u00ecn n\u01b0\u1edbc ngo\u00e0i 1 - Phuong Nam Star Travel<\/title>\n<meta name=\"robots\" content=\"index, follow, max-snippet:-1, max-image-preview:large, max-video-preview:-1\" \/>\n<link rel=\"canonical\" href=\"https:\/\/phuongnamstar.vn\/en\/tour-tet-giap-thin-nuoc-ngoai-1\/\" \/>\n<meta property=\"og:locale\" content=\"en_GB\" \/>\n<meta property=\"og:type\" content=\"article\" \/>\n<meta property=\"og:title\" content=\"Tour T\u1ebft Gi\u00e1p Th\u00ecn n\u01b0\u1edbc ngo\u00e0i 1 - Phuong Nam Star Travel\" \/>\n<meta property=\"og:description\" content=\"* CAMPUCHIA SIEMRIEP &#8211; PP &#8211; Th\u1eddi gian: 4N 3\u0110&#8211; Kh\u00e1ch s\u1ea1n: 4 sao&#8211; Ph\u01b0\u01a1ng ti\u1ec7n: xe 45 ch\u1ed7&#8211; Kh\u1edfi h\u00e0nh: Th\u00e1ng 2: 11, 12, 13 (M2, M3, M4)&#8211; Gi\u00e1 tr\u1ecdn g\u00f3i: ng\u01b0\u1eddi l\u1edbn 5.990.000\u0110, tr\u1ebb em (2 &#8211; 10 tu\u1ed5i): 4.990.000\u0110 \u00a0 SIHANNOUK VILLE &#8211; Th\u1eddi gian: 4N 3\u0110&#8211; Kh\u00e1ch s\u1ea1n: 4 sao&#8211; Ph\u01b0\u01a1ng [&hellip;]\" \/>\n<meta property=\"og:url\" content=\"https:\/\/phuongnamstar.vn\/en\/tour-tet-giap-thin-nuoc-ngoai-1\/\" \/>\n<meta property=\"og:site_name\" content=\"Phuong Nam Star Travel\" \/>\n<meta property=\"article:modified_time\" content=\"2023-12-21T04:52:45+00:00\" \/>\n<meta property=\"og:image\" content=\"https:\/\/phuongnamstar.vn\/wp-content\/uploads\/2023\/07\/china.jpg\" \/>\n\t<meta property=\"og:image:width\" content=\"1920\" \/>\n\t<meta property=\"og:image:height\" content=\"1280\" \/>\n\t<meta property=\"og:image:type\" content=\"image\/jpeg\" \/>\n<meta name=\"twitter:card\" content=\"summary_large_image\" \/>\n<meta name=\"twitter:label1\" content=\"Estimated reading time\" \/>\n\t<meta name=\"twitter:data1\" content=\"5 minutes\" \/>\n<script type=\"application\/ld+json\" class=\"yoast-schema-graph\">{\"@context\":\"https:\/\/schema.org\",\"@graph\":[{\"@type\":\"WebPage\",\"@id\":\"https:\/\/phuongnamstar.vn\/tour-tet-giap-thin-nuoc-ngoai-1\/\",\"url\":\"https:\/\/phuongnamstar.vn\/tour-tet-giap-thin-nuoc-ngoai-1\/\",\"name\":\"Tour T\u1ebft Gi\u00e1p Th\u00ecn n\u01b0\u1edbc ngo\u00e0i 1 - Phuong Nam Star Travel\",\"isPartOf\":{\"@id\":\"https:\/\/phuongnamstar.vn\/#website\"},\"datePublished\":\"2023-12-20T09:35:22+00:00\",\"dateModified\":\"2023-12-21T04:52:45+00:00\",\"breadcrumb\":{\"@id\":\"https:\/\/phuongnamstar.vn\/tour-tet-giap-thin-nuoc-ngoai-1\/#breadcrumb\"},\"inLanguage\":\"en-GB\",\"potentialAction\":[{\"@type\":\"ReadAction\",\"target\":[\"https:\/\/phuongnamstar.vn\/tour-tet-giap-thin-nuoc-ngoai-1\/\"]}]},{\"@type\":\"BreadcrumbList\",\"@id\":\"https:\/\/phuongnamstar.vn\/tour-tet-giap-thin-nuoc-ngoai-1\/#breadcrumb\",\"itemListElement\":[{\"@type\":\"ListItem\",\"position\":1,\"name\":\"Home\",\"item\":\"https:\/\/phuongnamstar.vn\/\"},{\"@type\":\"ListItem\",\"position\":2,\"name\":\"Tour T\u1ebft Gi\u00e1p Th\u00ecn n\u01b0\u1edbc ngo\u00e0i 1\"}]},{\"@type\":\"WebSite\",\"@id\":\"https:\/\/phuongnamstar.vn\/#website\",\"url\":\"https:\/\/phuongnamstar.vn\/\",\"name\":\"Phuong Nam Star Travel\",\"description\":\"\",\"potentialAction\":[{\"@type\":\"SearchAction\",\"target\":{\"@type\":\"EntryPoint\",\"urlTemplate\":\"https:\/\/phuongnamstar.vn\/?s={search_term_string}\"},\"query-input\":\"required name=search_term_string\"}],\"inLanguage\":\"en-GB\"}]}<\/script>\n<!-- \/ Yoast SEO plugin. -->","yoast_head_json":{"title":"Tour T\u1ebft Gi\u00e1p Th\u00ecn n\u01b0\u1edbc ngo\u00e0i 1 - Phuong Nam Star Travel","robots":{"index":"index","follow":"follow","max-snippet":"max-snippet:-1","max-image-preview":"max-image-preview:large","max-video-preview":"max-video-preview:-1"},"canonical":"https:\/\/phuongnamstar.vn\/en\/tour-tet-giap-thin-nuoc-ngoai-1\/","og_locale":"en_GB","og_type":"article","og_title":"Tour T\u1ebft Gi\u00e1p Th\u00ecn n\u01b0\u1edbc ngo\u00e0i 1 - Phuong Nam Star Travel","og_description":"* CAMPUCHIA SIEMRIEP &#8211; PP &#8211; Th\u1eddi gian: 4N 3\u0110&#8211; Kh\u00e1ch s\u1ea1n: 4 sao&#8211; Ph\u01b0\u01a1ng ti\u1ec7n: xe 45 ch\u1ed7&#8211; Kh\u1edfi h\u00e0nh: Th\u00e1ng 2: 11, 12, 13 (M2, M3, M4)&#8211; Gi\u00e1 tr\u1ecdn g\u00f3i: ng\u01b0\u1eddi l\u1edbn 5.990.000\u0110, tr\u1ebb em (2 &#8211; 10 tu\u1ed5i): 4.990.000\u0110 \u00a0 SIHANNOUK VILLE &#8211; Th\u1eddi gian: 4N 3\u0110&#8211; Kh\u00e1ch s\u1ea1n: 4 sao&#8211; Ph\u01b0\u01a1ng [&hellip;]","og_url":"https:\/\/phuongnamstar.vn\/en\/tour-tet-giap-thin-nuoc-ngoai-1\/","og_site_name":"Phuong Nam Star Travel","article_modified_time":"2023-12-21T04:52:45+00:00","og_image":[{"width":1920,"height":1280,"url":"https:\/\/phuongnamstar.vn\/wp-content\/uploads\/2023\/07\/china.jpg","type":"image\/jpeg"}],"twitter_card":"summary_large_image","twitter_misc":{"Estimated reading time":"5 minutes"},"schema":{"@context":"https:\/\/schema.org","@graph":[{"@type":"WebPage","@id":"https:\/\/phuongnamstar.vn\/tour-tet-giap-thin-nuoc-ngoai-1\/","url":"https:\/\/phuongnamstar.vn\/tour-tet-giap-thin-nuoc-ngoai-1\/","name":"Tour T\u1ebft Gi\u00e1p Th\u00ecn n\u01b0\u1edbc ngo\u00e0i 1 - Phuong Nam Star Travel","isPartOf":{"@id":"https:\/\/phuongnamstar.vn\/#website"},"datePublished":"2023-12-20T09:35:22+00:00","dateModified":"2023-12-21T04:52:45+00:00","breadcrumb":{"@id":"https:\/\/phuongnamstar.vn\/tour-tet-giap-thin-nuoc-ngoai-1\/#breadcrumb"},"inLanguage":"en-GB","potentialAction":[{"@type":"ReadAction","target":["https:\/\/phuongnamstar.vn\/tour-tet-giap-thin-nuoc-ngoai-1\/"]}]},{"@type":"BreadcrumbList","@id":"https:\/\/phuongnamstar.vn\/tour-tet-giap-thin-nuoc-ngoai-1\/#breadcrumb","itemListElement":[{"@type":"ListItem","position":1,"name":"Home","item":"https:\/\/phuongnamstar.vn\/"},{"@type":"ListItem","position":2,"name":"Tour T\u1ebft Gi\u00e1p Th\u00ecn n\u01b0\u1edbc ngo\u00e0i 1"}]},{"@type":"WebSite","@id":"https:\/\/phuongnamstar.vn\/#website","url":"https:\/\/phuongnamstar.vn\/","name":"Phuong Nam Star Travel","description":"","potentialAction":[{"@type":"SearchAction","target":{"@type":"EntryPoint","urlTemplate":"https:\/\/phuongnamstar.vn\/?s={search_term_string}"},"query-input":"required name=search_term_string"}],"inLanguage":"en-GB"}]}},"_links":{"self":[{"href":"https:\/\/phuongnamstar.vn\/en\/wp-json\/wp\/v2\/pages\/20527","targetHints":{"allow":["GET"]}}],"collection":[{"href":"https:\/\/phuongnamstar.vn\/en\/wp-json\/wp\/v2\/pages"}],"about":[{"href":"https:\/\/phuongnamstar.vn\/en\/wp-json\/wp\/v2\/types\/page"}],"author":[{"embeddable":true,"href":"https:\/\/phuongnamstar.vn\/en\/wp-json\/wp\/v2\/users\/1"}],"replies":[{"embeddable":true,"href":"https:\/\/phuongnamstar.vn\/en\/wp-json\/wp\/v2\/comments?post=20527"}],"version-history":[{"count":26,"href":"https:\/\/phuongnamstar.vn\/en\/wp-json\/wp\/v2\/pages\/20527\/revisions"}],"predecessor-version":[{"id":20609,"href":"https:\/\/phuongnamstar.vn\/en\/wp-json\/wp\/v2\/pages\/20527\/revisions\/20609"}],"wp:featuredmedia":[{"embeddable":true,"href":"https:\/\/phuongnamstar.vn\/en\/wp-json\/wp\/v2\/media\/15719"}],"wp:attachment":[{"href":"https:\/\/phuongnamstar.vn\/en\/wp-json\/wp\/v2\/media?parent=20527"}],"curies":[{"name":"wp","href":"https:\/\/api.w.org\/{rel}","templated":true}]}}